{"id":798,"date":"2020-09-28T15:36:00","date_gmt":"2020-09-28T15:36:00","guid":{"rendered":"https:\/\/pdrservices.ca\/systeme-dechappement-automobile\/"},"modified":"2020-09-30T15:33:06","modified_gmt":"2020-09-30T15:33:06","slug":"systeme-dechappement-automobile","status":"publish","type":"page","link":"https:\/\/pdrservices.ca\/fr\/systeme-dechappement-automobile\/","title":{"rendered":"Syst\u00e8me d&rsquo;\u00e9chappement automobile"},"content":{"rendered":"<p>[et_pb_section fb_built=\u00a0\u00bb1&Prime; admin_label=\u00a0\u00bbOur Story\u00a0\u00bb _builder_version=\u00a0\u00bb3.22&Prime; background_color=\u00a0\u00bb#ffffff\u00a0\u00bb background_position=\u00a0\u00bbtop_left\u00a0\u00bb custom_padding=\u00a0\u00bb100px|0px|100px|0px\u00a0\u00bb collapsed=\u00a0\u00bboff\u00a0\u00bb][et_pb_row column_structure=\u00a0\u00bb3_5,2_5&Prime; _builder_version=\u00a0\u00bb4.3.2&Prime; background_size=\u00a0\u00bbinitial\u00a0\u00bb background_position=\u00a0\u00bbtop_left\u00a0\u00bb background_repeat=\u00a0\u00bbrepeat\u00a0\u00bb custom_margin=\u00a0\u00bb|||\u00a0\u00bb custom_padding=\u00a0\u00bb|||\u00a0\u00bb][et_pb_column type=\u00a0\u00bb3_5&Prime; _builder_version=\u00a0\u00bb4.3.2&Prime; background_position=\u00a0\u00bbtop_left\u00a0\u00bb custom_padding=\u00a0\u00bb||||false|false\u00a0\u00bb custom_padding__hover=\u00a0\u00bb|||\u00a0\u00bb][et_pb_text _builder_version=\u00a0\u00bb4.6.0&Prime; text_font=\u00a0\u00bb||||||||\u00a0\u00bb header_font=\u00a0\u00bb||||||||\u00a0\u00bb header_3_font=\u00a0\u00bbMontserrat|700||on|||||\u00a0\u00bb header_3_text_color=\u00a0\u00bb#bfbfbf\u00a0\u00bb header_3_font_size=\u00a0\u00bb14px\u00a0\u00bb header_3_letter_spacing=\u00a0\u00bb2px\u00a0\u00bb header_3_line_height=\u00a0\u00bb1.3em\u00a0\u00bb background_size=\u00a0\u00bbinitial\u00a0\u00bb background_position=\u00a0\u00bbtop_left\u00a0\u00bb background_repeat=\u00a0\u00bbrepeat\u00a0\u00bb module_alignment=\u00a0\u00bbcenter\u00a0\u00bb custom_margin=\u00a0\u00bb||12px|\u00a0\u00bb custom_padding=\u00a0\u00bb|||\u00a0\u00bb animation_style=\u00a0\u00bbslide\u00a0\u00bb animation_direction=\u00a0\u00bbbottom\u00a0\u00bb saved_tabs=\u00a0\u00bball\u00a0\u00bb locked=\u00a0\u00bboff\u00a0\u00bb text_letter_spacing__hover=\u00a0\u00bb0px\u00a0\u00bb text_letter_spacing__hover_enabled=\u00a0\u00bb0px\u00a0\u00bb text_line_height__hover=\u00a0\u00bb1.7em\u00a0\u00bb text_line_height__hover_enabled=\u00a0\u00bb1.7em\u00a0\u00bb text_orientation__hover=\u00a0\u00bbleft\u00a0\u00bb text_orientation__hover_enabled=\u00a0\u00bbleft\u00a0\u00bb text_font_size__hover=\u00a0\u00bb14px\u00a0\u00bb text_font_size__hover_enabled=\u00a0\u00bb14px\u00a0\u00bb text_text_shadow_style__hover=\u00a0\u00bbnone\u00a0\u00bb text_text_shadow_style__hover_enabled=\u00a0\u00bbnone\u00a0\u00bb text_text_shadow_color__hover=\u00a0\u00bbrgba(0,0,0,0.4)\u00a0\u00bb text_text_shadow_color__hover_enabled=\u00a0\u00bbrgba(0,0,0,0.4)\u00a0\u00bb link_font_size__hover=\u00a0\u00bb14px\u00a0\u00bb link_font_size__hover_enabled=\u00a0\u00bb14px\u00a0\u00bb link_letter_spacing__hover=\u00a0\u00bb0px\u00a0\u00bb link_letter_spacing__hover_enabled=\u00a0\u00bb0px\u00a0\u00bb link_line_height__hover=\u00a0\u00bb1em\u00a0\u00bb link_line_height__hover_enabled=\u00a0\u00bb1em\u00a0\u00bb link_text_shadow_style__hover=\u00a0\u00bbnone\u00a0\u00bb link_text_shadow_style__hover_enabled=\u00a0\u00bbnone\u00a0\u00bb link_text_shadow_color__hover=\u00a0\u00bbrgba(0,0,0,0.4)\u00a0\u00bb link_text_shadow_color__hover_enabled=\u00a0\u00bbrgba(0,0,0,0.4)\u00a0\u00bb ul_font_size__hover=\u00a0\u00bb14px\u00a0\u00bb ul_font_size__hover_enabled=\u00a0\u00bb14px\u00a0\u00bb ul_letter_spacing__hover=\u00a0\u00bb0px\u00a0\u00bb ul_letter_spacing__hover_enabled=\u00a0\u00bb0px\u00a0\u00bb ul_line_height__hover=\u00a0\u00bb1em\u00a0\u00bb ul_line_height__hover_enabled=\u00a0\u00bb1em\u00a0\u00bb ul_text_shadow_style__hover=\u00a0\u00bbnone\u00a0\u00bb ul_text_shadow_style__hover_enabled=\u00a0\u00bbnone\u00a0\u00bb ul_text_shadow_color__hover=\u00a0\u00bbrgba(0,0,0,0.4)\u00a0\u00bb ul_text_shadow_color__hover_enabled=\u00a0\u00bbrgba(0,0,0,0.4)\u00a0\u00bb ol_font_size__hover=\u00a0\u00bb14px\u00a0\u00bb ol_font_size__hover_enabled=\u00a0\u00bb14px\u00a0\u00bb ol_letter_spacing__hover=\u00a0\u00bb0px\u00a0\u00bb ol_letter_spacing__hover_enabled=\u00a0\u00bb0px\u00a0\u00bb ol_line_height__hover=\u00a0\u00bb1em\u00a0\u00bb ol_line_height__hover_enabled=\u00a0\u00bb1em\u00a0\u00bb ol_text_shadow_style__hover=\u00a0\u00bbnone\u00a0\u00bb ol_text_shadow_style__hover_enabled=\u00a0\u00bbnone\u00a0\u00bb ol_text_shadow_color__hover=\u00a0\u00bbrgba(0,0,0,0.4)\u00a0\u00bb ol_text_shadow_color__hover_enabled=\u00a0\u00bbrgba(0,0,0,0.4)\u00a0\u00bb quote_font_size__hover=\u00a0\u00bb14px\u00a0\u00bb quote_font_size__hover_enabled=\u00a0\u00bb14px\u00a0\u00bb quote_letter_spacing__hover=\u00a0\u00bb0px\u00a0\u00bb quote_letter_spacing__hover_enabled=\u00a0\u00bb0px\u00a0\u00bb quote_line_height__hover=\u00a0\u00bb1em\u00a0\u00bb quote_line_height__hover_enabled=\u00a0\u00bb1em\u00a0\u00bb quote_text_shadow_style__hover=\u00a0\u00bbnone\u00a0\u00bb quote_text_shadow_style__hover_enabled=\u00a0\u00bbnone\u00a0\u00bb quote_text_shadow_color__hover=\u00a0\u00bbrgba(0,0,0,0.4)\u00a0\u00bb quote_text_shadow_color__hover_enabled=\u00a0\u00bbrgba(0,0,0,0.4)\u00a0\u00bb background_layout__hover=\u00a0\u00bblight\u00a0\u00bb background_layout__hover_enabled=\u00a0\u00bblight\u00a0\u00bb]Les syst\u00e8mes d&rsquo;\u00e9chappement[\/et_pb_text][et_pb_divider show_divider=\u00a0\u00bboff\u00a0\u00bb _builder_version=\u00a0\u00bb3.2&Prime; max_width=\u00a0\u00bb60px\u00a0\u00bb module_alignment=\u00a0\u00bbleft\u00a0\u00bb custom_margin=\u00a0\u00bb||10px|\u00a0\u00bb saved_tabs=\u00a0\u00bball\u00a0\u00bb locked=\u00a0\u00bboff\u00a0\u00bb][\/et_pb_divider][et_pb_text disabled_on=\u00a0\u00bbon|on|off\u00a0\u00bb _builder_version=\u00a0\u00bb4.3.2&Prime; text_font=\u00a0\u00bb||||\u00a0\u00bb text_text_color=\u00a0\u00bb#1f1f1f\u00a0\u00bb header_font=\u00a0\u00bb||||||||\u00a0\u00bb header_2_font=\u00a0\u00bbPlayfair Display||||\u00a0\u00bb header_2_font_size=\u00a0\u00bb48px\u00a0\u00bb header_2_line_height=\u00a0\u00bb1.3em\u00a0\u00bb background_size=\u00a0\u00bbinitial\u00a0\u00bb background_position=\u00a0\u00bbtop_left\u00a0\u00bb background_repeat=\u00a0\u00bbrepeat\u00a0\u00bb header_font_size__hover=\u00a0\u00bb30px\u00a0\u00bb header_font_size__hover_enabled=\u00a0\u00bb30px\u00a0\u00bb header_letter_spacing__hover=\u00a0\u00bb0px\u00a0\u00bb header_letter_spacing__hover_enabled=\u00a0\u00bb0px\u00a0\u00bb header_text_shadow_style__hover=\u00a0\u00bbnone\u00a0\u00bb header_text_shadow_style__hover_enabled=\u00a0\u00bbnone\u00a0\u00bb header_text_shadow_color__hover=\u00a0\u00bbrgba(0,0,0,0.4)\u00a0\u00bb header_text_shadow_color__hover_enabled=\u00a0\u00bbrgba(0,0,0,0.4)\u00a0\u00bb]Les syst\u00e8mes d&rsquo;\u00e9chappement[\/et_pb_text][et_pb_text _builder_version=\u00a0\u00bb4.3.2&Prime; text_font=\u00a0\u00bbMontserrat||||\u00a0\u00bb text_text_color=\u00a0\u00bb#939393&Prime; text_font_size=\u00a0\u00bb17px\u00a0\u00bb text_line_height=\u00a0\u00bb1.8em\u00a0\u00bb header_font=\u00a0\u00bb||||\u00a0\u00bb background_size=\u00a0\u00bbinitial\u00a0\u00bb background_position=\u00a0\u00bbtop_left\u00a0\u00bb background_repeat=\u00a0\u00bbrepeat\u00a0\u00bb max_width=\u00a0\u00bb700px\u00a0\u00bb animation_style=\u00a0\u00bbslide\u00a0\u00bb animation_direction=\u00a0\u00bbtop\u00a0\u00bb animation_intensity_slide=\u00a0\u00bb4%\u00a0\u00bb]L\u2019automobile moderne d\u2019aujourd\u2019hui est une machine tr\u00e8s sophistiqu\u00e9e. Il est r\u00e9volu le temps o\u00f9 tout n&rsquo;\u00e9tait que des composants m\u00e9talliques de base assembl\u00e9s pour faire une voiture. Aujourd&rsquo;hui, la conception et l&rsquo;ing\u00e9nierie de chaque voiture sont de haut niveau. L&rsquo;un des composants qui implique une grande partie de la technologie aujourd&rsquo;hui est les syst\u00e8mes d&rsquo;\u00e9chappement. L&rsquo;\u00e9chappement n&rsquo;est pas seulement l\u00e0 pour permettre \u00e0 la voiture de respirer correctement, c&rsquo;est aussi un \u00e9l\u00e9ment tr\u00e8s fondamental et complexe dans sa puissance et son efficacit\u00e9 \u00e9nerg\u00e9tique. Cela ne veut pas dire que ce ne peut pas \u00eatre un composant amusant et int\u00e9ressant. Nous proposons toute une gamme de syst\u00e8mes d&rsquo;\u00e9chappement qui non seulement rendent la voiture plus efficace et lui donnent plus de puissance, mais gr\u00e2ce aux progr\u00e8s technologiques, nous pouvons m\u00eame obtenir ce son d&rsquo;\u00e9chappement profond qui, dans le pass\u00e9, \u00e9tait r\u00e9serv\u00e9 aux tr\u00e8s rares exotiques de l&rsquo;industrie.[\/et_pb_text][et_pb_button button_url=\u00a0\u00bbhttps:\/\/pdrservices.ca\/fr\/nous-rejoindre\/\u00a0\u00bb button_text=\u00a0\u00bbCONTACTEZ-NOUS AUJOURD&rsquo;HUI!\u00a0\u00bb _builder_version=\u00a0\u00bb4.4.8&Prime; custom_button=\u00a0\u00bbon\u00a0\u00bb button_bg_color=\u00a0\u00bb#0c71c3&Prime; button_border_color=\u00a0\u00bb#0c71c3&Prime;][\/et_pb_button][\/et_pb_column][et_pb_column type=\u00a0\u00bb2_5&Prime; _builder_version=\u00a0\u00bb3.25&Prime; background_position=\u00a0\u00bbtop_left\u00a0\u00bb custom_padding=\u00a0\u00bb|||\u00a0\u00bb custom_padding__hover=\u00a0\u00bb|||\u00a0\u00bb][et_pb_image src=\u00a0\u00bbhttps:\/\/pdrservices.ca\/wp-content\/uploads\/2020\/09\/justus-menke-PqszIxpLefE-unsplash-scaled.jpg\u00a0\u00bb title_text=\u00a0\u00bbjustus-menke-PqszIxpLefE-unsplash\u00a0\u00bb force_fullwidth=\u00a0\u00bbon\u00a0\u00bb _builder_version=\u00a0\u00bb4.6.0&Prime; animation_style=\u00a0\u00bbslide\u00a0\u00bb animation_direction=\u00a0\u00bbleft\u00a0\u00bb animation_intensity_slide=\u00a0\u00bb10%\u00a0\u00bb always_center_on_mobile=\u00a0\u00bboff\u00a0\u00bb][\/et_pb_image][\/et_pb_column][\/et_pb_row][\/et_pb_section][et_pb_section fb_built=\u00a0\u00bb1&Prime; admin_label=\u00a0\u00bbInnovation\u00a0\u00bb _builder_version=\u00a0\u00bb4.6.0&Prime; use_background_color_gradient=\u00a0\u00bbon\u00a0\u00bb background_color_gradient_start=\u00a0\u00bb#1f1f1f\u00a0\u00bb background_color_gradient_end=\u00a0\u00bbrgba(31,31,31,0)\u00a0\u00bb background_color_gradient_direction=\u00a0\u00bb100deg\u00a0\u00bb background_color_gradient_start_position=\u00a0\u00bb50%\u00a0\u00bb background_image=\u00a0\u00bbhttps:\/\/pdrservices.ca\/wp-content\/uploads\/2020\/09\/elvis-bekmanis-pqzOj7HCkMg-unsplash-scaled.jpg\u00a0\u00bb background_blend=\u00a0\u00bbmultiply\u00a0\u00bb custom_padding=\u00a0\u00bb200px|0px|200px|0px\u00a0\u00bb][et_pb_row column_structure=\u00a0\u00bb1_2,1_2&Prime; _builder_version=\u00a0\u00bb3.25&Prime; background_size=\u00a0\u00bbinitial\u00a0\u00bb background_position=\u00a0\u00bbtop_left\u00a0\u00bb background_repeat=\u00a0\u00bbrepeat\u00a0\u00bb custom_padding=\u00a0\u00bb27px|0px|27px|0px\u00a0\u00bb custom_width_px=\u00a0\u00bb1774px\u00a0\u00bb][et_pb_column type=\u00a0\u00bb1_2&Prime; _builder_version=\u00a0\u00bb3.25&Prime; custom_padding=\u00a0\u00bb|||\u00a0\u00bb custom_padding__hover=\u00a0\u00bb|||\u00a0\u00bb][et_pb_text _builder_version=\u00a0\u00bb4.6.0&Prime; text_font=\u00a0\u00bb||||||||\u00a0\u00bb header_font=\u00a0\u00bb||||||||\u00a0\u00bb header_3_font=\u00a0\u00bbMontserrat|700||on|||||\u00a0\u00bb header_3_text_color=\u00a0\u00bb#bfbfbf\u00a0\u00bb header_3_font_size=\u00a0\u00bb14px\u00a0\u00bb header_3_letter_spacing=\u00a0\u00bb2px\u00a0\u00bb header_3_line_height=\u00a0\u00bb1.3em\u00a0\u00bb background_size=\u00a0\u00bbinitial\u00a0\u00bb background_position=\u00a0\u00bbtop_left\u00a0\u00bb background_repeat=\u00a0\u00bbrepeat\u00a0\u00bb module_alignment=\u00a0\u00bbcenter\u00a0\u00bb custom_margin=\u00a0\u00bb||12px|\u00a0\u00bb custom_padding=\u00a0\u00bb|||\u00a0\u00bb animation_style=\u00a0\u00bbslide\u00a0\u00bb animation_direction=\u00a0\u00bbbottom\u00a0\u00bb saved_tabs=\u00a0\u00bball\u00a0\u00bb locked=\u00a0\u00bboff\u00a0\u00bb text_letter_spacing__hover=\u00a0\u00bb0px\u00a0\u00bb text_letter_spacing__hover_enabled=\u00a0\u00bb0px\u00a0\u00bb text_line_height__hover=\u00a0\u00bb1.7em\u00a0\u00bb text_line_height__hover_enabled=\u00a0\u00bb1.7em\u00a0\u00bb text_orientation__hover=\u00a0\u00bbleft\u00a0\u00bb text_orientation__hover_enabled=\u00a0\u00bbleft\u00a0\u00bb text_font_size__hover=\u00a0\u00bb14px\u00a0\u00bb text_font_size__hover_enabled=\u00a0\u00bb14px\u00a0\u00bb text_text_shadow_style__hover=\u00a0\u00bbnone\u00a0\u00bb text_text_shadow_style__hover_enabled=\u00a0\u00bbnone\u00a0\u00bb text_text_shadow_color__hover=\u00a0\u00bbrgba(0,0,0,0.4)\u00a0\u00bb text_text_shadow_color__hover_enabled=\u00a0\u00bbrgba(0,0,0,0.4)\u00a0\u00bb link_font_size__hover=\u00a0\u00bb14px\u00a0\u00bb link_font_size__hover_enabled=\u00a0\u00bb14px\u00a0\u00bb link_letter_spacing__hover=\u00a0\u00bb0px\u00a0\u00bb link_letter_spacing__hover_enabled=\u00a0\u00bb0px\u00a0\u00bb link_line_height__hover=\u00a0\u00bb1em\u00a0\u00bb link_line_height__hover_enabled=\u00a0\u00bb1em\u00a0\u00bb link_text_shadow_style__hover=\u00a0\u00bbnone\u00a0\u00bb link_text_shadow_style__hover_enabled=\u00a0\u00bbnone\u00a0\u00bb link_text_shadow_color__hover=\u00a0\u00bbrgba(0,0,0,0.4)\u00a0\u00bb link_text_shadow_color__hover_enabled=\u00a0\u00bbrgba(0,0,0,0.4)\u00a0\u00bb ul_font_size__hover=\u00a0\u00bb14px\u00a0\u00bb ul_font_size__hover_enabled=\u00a0\u00bb14px\u00a0\u00bb ul_letter_spacing__hover=\u00a0\u00bb0px\u00a0\u00bb ul_letter_spacing__hover_enabled=\u00a0\u00bb0px\u00a0\u00bb ul_line_height__hover=\u00a0\u00bb1em\u00a0\u00bb ul_line_height__hover_enabled=\u00a0\u00bb1em\u00a0\u00bb ul_text_shadow_style__hover=\u00a0\u00bbnone\u00a0\u00bb ul_text_shadow_style__hover_enabled=\u00a0\u00bbnone\u00a0\u00bb ul_text_shadow_color__hover=\u00a0\u00bbrgba(0,0,0,0.4)\u00a0\u00bb ul_text_shadow_color__hover_enabled=\u00a0\u00bbrgba(0,0,0,0.4)\u00a0\u00bb ol_font_size__hover=\u00a0\u00bb14px\u00a0\u00bb ol_font_size__hover_enabled=\u00a0\u00bb14px\u00a0\u00bb ol_letter_spacing__hover=\u00a0\u00bb0px\u00a0\u00bb ol_letter_spacing__hover_enabled=\u00a0\u00bb0px\u00a0\u00bb ol_line_height__hover=\u00a0\u00bb1em\u00a0\u00bb ol_line_height__hover_enabled=\u00a0\u00bb1em\u00a0\u00bb ol_text_shadow_style__hover=\u00a0\u00bbnone\u00a0\u00bb ol_text_shadow_style__hover_enabled=\u00a0\u00bbnone\u00a0\u00bb ol_text_shadow_color__hover=\u00a0\u00bbrgba(0,0,0,0.4)\u00a0\u00bb ol_text_shadow_color__hover_enabled=\u00a0\u00bbrgba(0,0,0,0.4)\u00a0\u00bb quote_font_size__hover=\u00a0\u00bb14px\u00a0\u00bb quote_font_size__hover_enabled=\u00a0\u00bb14px\u00a0\u00bb quote_letter_spacing__hover=\u00a0\u00bb0px\u00a0\u00bb quote_letter_spacing__hover_enabled=\u00a0\u00bb0px\u00a0\u00bb quote_line_height__hover=\u00a0\u00bb1em\u00a0\u00bb quote_line_height__hover_enabled=\u00a0\u00bb1em\u00a0\u00bb quote_text_shadow_style__hover=\u00a0\u00bbnone\u00a0\u00bb quote_text_shadow_style__hover_enabled=\u00a0\u00bbnone\u00a0\u00bb quote_text_shadow_color__hover=\u00a0\u00bbrgba(0,0,0,0.4)\u00a0\u00bb quote_text_shadow_color__hover_enabled=\u00a0\u00bbrgba(0,0,0,0.4)\u00a0\u00bb background_layout__hover=\u00a0\u00bblight\u00a0\u00bb background_layout__hover_enabled=\u00a0\u00bblight\u00a0\u00bb]Installation de syst\u00e8mes d&rsquo;\u00e9chappement[\/et_pb_text][et_pb_divider show_divider=\u00a0\u00bboff\u00a0\u00bb _builder_version=\u00a0\u00bb3.2&Prime; max_width=\u00a0\u00bb60px\u00a0\u00bb module_alignment=\u00a0\u00bbleft\u00a0\u00bb custom_margin=\u00a0\u00bb||10px|\u00a0\u00bb saved_tabs=\u00a0\u00bball\u00a0\u00bb locked=\u00a0\u00bboff\u00a0\u00bb][\/et_pb_divider][et_pb_text disabled_on=\u00a0\u00bbon|on|off\u00a0\u00bb _builder_version=\u00a0\u00bb4.3.2&Prime; text_font=\u00a0\u00bb||||||||\u00a0\u00bb header_2_font=\u00a0\u00bbPlayfair Display||||\u00a0\u00bb header_2_font_size=\u00a0\u00bb48px\u00a0\u00bb header_2_line_height=\u00a0\u00bb1.3em\u00a0\u00bb background_size=\u00a0\u00bbinitial\u00a0\u00bb background_position=\u00a0\u00bbtop_left\u00a0\u00bb background_repeat=\u00a0\u00bbrepeat\u00a0\u00bb background_layout=\u00a0\u00bbdark\u00a0\u00bb header_font_size__hover=\u00a0\u00bb30px\u00a0\u00bb header_font_size__hover_enabled=\u00a0\u00bb30px\u00a0\u00bb header_letter_spacing__hover=\u00a0\u00bb0px\u00a0\u00bb header_letter_spacing__hover_enabled=\u00a0\u00bb0px\u00a0\u00bb header_text_shadow_style__hover=\u00a0\u00bbnone\u00a0\u00bb header_text_shadow_style__hover_enabled=\u00a0\u00bbnone\u00a0\u00bb header_text_shadow_color__hover=\u00a0\u00bbrgba(0,0,0,0.4)\u00a0\u00bb header_text_shadow_color__hover_enabled=\u00a0\u00bbrgba(0,0,0,0.4)\u00a0\u00bb]Performance. Style.[\/et_pb_text][\/et_pb_column][et_pb_column type=\u00a0\u00bb1_2&Prime; _builder_version=\u00a0\u00bb3.25&Prime; custom_padding=\u00a0\u00bb|||\u00a0\u00bb custom_padding__hover=\u00a0\u00bb|||\u00a0\u00bb][\/et_pb_column][\/et_pb_row][\/et_pb_section]<\/p>\n","protected":false},"excerpt":{"rendered":"<p>Les syst\u00e8mes d&rsquo;\u00e9chappementLes syst\u00e8mes d&rsquo;\u00e9chappementL\u2019automobile moderne d\u2019aujourd\u2019hui est une machine tr\u00e8s sophistiqu\u00e9e. Il est r\u00e9volu le temps o\u00f9 tout n&rsquo;\u00e9tait que des composants m\u00e9talliques de base assembl\u00e9s pour faire une voiture. Aujourd&rsquo;hui, la conception et l&rsquo;ing\u00e9nierie de chaque voiture sont de haut niveau. L&rsquo;un des composants qui implique une grande partie de la technologie aujourd&rsquo;hui [&hellip;]<\/p>\n","protected":false},"author":1,"featured_media":0,"parent":0,"menu_order":0,"comment_status":"closed","ping_status":"closed","template":"","meta":{"_et_pb_use_builder":"on","_et_pb_old_content":"","_et_gb_content_width":"","footnotes":""},"class_list":["post-798","page","type-page","status-publish","hentry"],"_links":{"self":[{"href":"https:\/\/pdrservices.ca\/fr\/wp-json\/wp\/v2\/pages\/798","targetHints":{"allow":["GET"]}}],"collection":[{"href":"https:\/\/pdrservices.ca\/fr\/wp-json\/wp\/v2\/pages"}],"about":[{"href":"https:\/\/pdrservices.ca\/fr\/wp-json\/wp\/v2\/types\/page"}],"author":[{"embeddable":true,"href":"https:\/\/pdrservices.ca\/fr\/wp-json\/wp\/v2\/users\/1"}],"replies":[{"embeddable":true,"href":"https:\/\/pdrservices.ca\/fr\/wp-json\/wp\/v2\/comments?post=798"}],"version-history":[{"count":9,"href":"https:\/\/pdrservices.ca\/fr\/wp-json\/wp\/v2\/pages\/798\/revisions"}],"predecessor-version":[{"id":838,"href":"https:\/\/pdrservices.ca\/fr\/wp-json\/wp\/v2\/pages\/798\/revisions\/838"}],"wp:attachment":[{"href":"https:\/\/pdrservices.ca\/fr\/wp-json\/wp\/v2\/media?parent=798"}],"curies":[{"name":"wp","href":"https:\/\/api.w.org\/{rel}","templated":true}]}}